{"id":14,"date":"2025-07-15T17:36:21","date_gmt":"2025-07-15T20:36:21","guid":{"rendered":"https:\/\/essenceoficial.com.br\/?page_id=14"},"modified":"2025-12-26T11:28:59","modified_gmt":"2025-12-26T14:28:59","slug":"essence-acessorios","status":"publish","type":"page","link":"https:\/\/revenda.essenceoficial.com.br\/","title":{"rendered":"Essence Acess\u00f3rios"},"content":{"rendered":"\t\t<div data-elementor-type=\"wp-page\" data-elementor-id=\"14\" class=\"elementor elementor-14\" data-elementor-post-type=\"page\">\n\t\t\t\t<div class=\"elementor-element elementor-element-867d6da e-flex e-con-boxed e-con e-parent\" data-id=\"867d6da\" data-element_type=\"container\" data-settings=\"{&quot;background_background&quot;:&quot;classic&quot;}\">\n\t\t\t\t\t<div class=\"e-con-inner\">\n\t\t\t\t\t<\/div>\n\t\t\t\t<\/div>\n\t\t<div class=\"elementor-element elementor-element-38031d3 e-flex e-con-boxed e-con e-parent\" data-id=\"38031d3\" data-element_type=\"container\" data-settings=\"{&quot;background_background&quot;:&quot;classic&quot;}\">\n\t\t\t\t\t<div class=\"e-con-inner\">\n\t\t\t\t<div class=\"elementor-element elementor-element-e9d423c elementor-widget elementor-widget-image\" data-id=\"e9d423c\" data-element_type=\"widget\" data-widget_type=\"image.default\">\n\t\t\t\t\t\t\t\t\t\t\t\t\t\t\t<img decoding=\"async\" width=\"1024\" height=\"26\" src=\"https:\/\/revenda.essenceoficial.com.br\/wp-content\/uploads\/2025\/07\/essence-semijoias-1024x26.png\" class=\"attachment-large size-large wp-image-103\" alt=\"\" srcset=\"https:\/\/revenda.essenceoficial.com.br\/wp-content\/uploads\/2025\/07\/essence-semijoias-1024x26.png 1024w, https:\/\/revenda.essenceoficial.com.br\/wp-content\/uploads\/2025\/07\/essence-semijoias-300x8.png 300w, https:\/\/revenda.essenceoficial.com.br\/wp-content\/uploads\/2025\/07\/essence-semijoias-768x19.png 768w, https:\/\/revenda.essenceoficial.com.br\/wp-content\/uploads\/2025\/07\/essence-semijoias.png 1273w\" sizes=\"(max-width: 1024px) 100vw, 1024px\" \/>\t\t\t\t\t\t\t\t\t\t\t\t\t\t\t<\/div>\n\t\t\t\t\t<\/div>\n\t\t\t\t<\/div>\n\t\t<div class=\"elementor-element elementor-element-fa9618a e-flex e-con-boxed e-con e-parent\" data-id=\"fa9618a\" data-element_type=\"container\" data-settings=\"{&quot;background_background&quot;:&quot;classic&quot;}\">\n\t\t\t\t\t<div class=\"e-con-inner\">\n\t\t\t\t<div class=\"elementor-element elementor-element-4ee3b10 elementor-widget elementor-widget-image\" data-id=\"4ee3b10\" data-element_type=\"widget\" data-widget_type=\"image.default\">\n\t\t\t\t\t\t\t\t\t\t\t\t\t\t\t<img fetchpriority=\"high\" decoding=\"async\" width=\"1024\" height=\"469\" src=\"https:\/\/revenda.essenceoficial.com.br\/wp-content\/uploads\/2025\/07\/Essence-Acessorios-Semijoias-1024x469.jpg\" class=\"attachment-large size-large wp-image-31\" alt=\"\" srcset=\"https:\/\/revenda.essenceoficial.com.br\/wp-content\/uploads\/2025\/07\/Essence-Acessorios-Semijoias-1024x469.jpg 1024w, https:\/\/revenda.essenceoficial.com.br\/wp-content\/uploads\/2025\/07\/Essence-Acessorios-Semijoias-300x137.jpg 300w, https:\/\/revenda.essenceoficial.com.br\/wp-content\/uploads\/2025\/07\/Essence-Acessorios-Semijoias-768x352.jpg 768w, https:\/\/revenda.essenceoficial.com.br\/wp-content\/uploads\/2025\/07\/Essence-Acessorios-Semijoias-1536x704.jpg 1536w, https:\/\/revenda.essenceoficial.com.br\/wp-content\/uploads\/2025\/07\/Essence-Acessorios-Semijoias-2048x938.jpg 2048w\" sizes=\"(max-width: 1024px) 100vw, 1024px\" \/>\t\t\t\t\t\t\t\t\t\t\t\t\t\t\t<\/div>\n\t\t\t\t<div class=\"elementor-element elementor-element-22bafa4 elementor-widget-divider--view-line elementor-widget elementor-widget-divider\" data-id=\"22bafa4\" data-element_type=\"widget\" data-widget_type=\"divider.default\">\n\t\t\t\t\t\t\t<div class=\"elementor-divider\">\n\t\t\t<span class=\"elementor-divider-separator\">\n\t\t\t\t\t\t<\/span>\n\t\t<\/div>\n\t\t\t\t\t\t<\/div>\n\t\t\t\t\t<\/div>\n\t\t\t\t<\/div>\n\t\t<div class=\"elementor-element elementor-element-b8ccbd2 e-flex e-con-boxed e-con e-parent\" data-id=\"b8ccbd2\" data-element_type=\"container\" data-settings=\"{&quot;background_background&quot;:&quot;classic&quot;}\">\n\t\t\t\t\t<div class=\"e-con-inner\">\n\t\t\t\t<div class=\"elementor-element elementor-element-c0f07cd elementor-widget elementor-widget-text-editor\" data-id=\"c0f07cd\" data-element_type=\"widget\" data-widget_type=\"text-editor.default\">\n\t\t\t\t\t\t\t\t\t<p style=\"text-align: center;\">Mais que semijoias, criamos conex\u00f5es entre beleza, autoestima e independ\u00eancia. \u2728<\/p>\t\t\t\t\t\t\t\t<\/div>\n\t\t\t\t<div class=\"elementor-element elementor-element-52cdd22 elementor-widget elementor-widget-image\" data-id=\"52cdd22\" data-element_type=\"widget\" data-widget_type=\"image.default\">\n\t\t\t\t\t\t\t\t\t\t\t\t\t\t\t<img decoding=\"async\" width=\"1024\" height=\"255\" src=\"https:\/\/revenda.essenceoficial.com.br\/wp-content\/uploads\/2025\/07\/inscreva-se-agora-1024x255.jpg\" class=\"attachment-large size-large wp-image-39\" alt=\"\" srcset=\"https:\/\/revenda.essenceoficial.com.br\/wp-content\/uploads\/2025\/07\/inscreva-se-agora-1024x255.jpg 1024w, https:\/\/revenda.essenceoficial.com.br\/wp-content\/uploads\/2025\/07\/inscreva-se-agora-300x75.jpg 300w, https:\/\/revenda.essenceoficial.com.br\/wp-content\/uploads\/2025\/07\/inscreva-se-agora-768x191.jpg 768w, https:\/\/revenda.essenceoficial.com.br\/wp-content\/uploads\/2025\/07\/inscreva-se-agora.jpg 1512w\" sizes=\"(max-width: 1024px) 100vw, 1024px\" \/>\t\t\t\t\t\t\t\t\t\t\t\t\t\t\t<\/div>\n\t\t\t\t\t<\/div>\n\t\t\t\t<\/div>\n\t\t<div class=\"elementor-element elementor-element-ef1c513 e-flex e-con-boxed e-con e-parent\" data-id=\"ef1c513\" data-element_type=\"container\" data-settings=\"{&quot;background_background&quot;:&quot;classic&quot;}\">\n\t\t\t\t\t<div class=\"e-con-inner\">\n\t\t<div class=\"elementor-element elementor-element-c2f8173 e-con-full e-flex e-con e-child\" data-id=\"c2f8173\" data-element_type=\"container\">\n\t\t\t\t<div class=\"elementor-element elementor-element-265e114 elementor-widget-mobile__width-inherit elementor-button-align-stretch elementor-widget elementor-widget-form\" data-id=\"265e114\" data-element_type=\"widget\" data-settings=\"{&quot;step_next_label&quot;:&quot;Next&quot;,&quot;step_previous_label&quot;:&quot;Previous&quot;,&quot;button_width&quot;:&quot;100&quot;,&quot;step_type&quot;:&quot;number_text&quot;,&quot;step_icon_shape&quot;:&quot;circle&quot;}\" data-widget_type=\"form.default\">\n\t\t\t\t\t\t\t<form class=\"elementor-form\" method=\"post\" name=\"pre_lancamento\" aria-label=\"pre_lancamento\">\n\t\t\t<input type=\"hidden\" name=\"post_id\" value=\"14\"\/>\n\t\t\t<input type=\"hidden\" name=\"form_id\" value=\"265e114\"\/>\n\t\t\t<input type=\"hidden\" name=\"referer_title\" value=\"\" \/>\n\n\t\t\t\n\t\t\t<div class=\"elementor-form-fields-wrapper elementor-labels-above\">\n\t\t\t\t\t\t\t\t<div class=\"elementor-field-type-text elementor-field-group elementor-column elementor-field-group-name elementor-col-100 elementor-field-required elementor-mark-required\">\n\t\t\t\t\t\t\t\t\t\t\t\t\t<input size=\"1\" type=\"text\" name=\"form_fields[name]\" id=\"form-field-name\" class=\"elementor-field elementor-size-sm  elementor-field-textual\" placeholder=\"Nome completo\" required=\"required\">\n\t\t\t\t\t\t\t\t\t\t\t<\/div>\n\t\t\t\t\t\t\t\t<div class=\"elementor-field-type-email elementor-field-group elementor-column elementor-field-group-email elementor-col-100 elementor-field-required elementor-mark-required\">\n\t\t\t\t\t\t\t\t\t\t\t\t\t<input size=\"1\" type=\"email\" name=\"form_fields[email]\" id=\"form-field-email\" class=\"elementor-field elementor-size-sm  elementor-field-textual\" placeholder=\"E-mail\" required=\"required\">\n\t\t\t\t\t\t\t\t\t\t\t<\/div>\n\t\t\t\t\t\t\t\t<div class=\"elementor-field-type-text elementor-field-group elementor-column elementor-field-group-field_d67d41e elementor-col-100 elementor-field-required elementor-mark-required\">\n\t\t\t\t\t\t\t\t\t\t\t\t\t<input size=\"1\" type=\"text\" name=\"form_fields[field_d67d41e]\" id=\"form-field-field_d67d41e\" class=\"elementor-field elementor-size-sm  elementor-field-textual\" placeholder=\"CPF\" required=\"required\">\n\t\t\t\t\t\t\t\t\t\t\t<\/div>\n\t\t\t\t\t\t\t\t<div class=\"elementor-field-type-text elementor-field-group elementor-column elementor-field-group-field_bc40e33 elementor-col-100 elementor-field-required elementor-mark-required\">\n\t\t\t\t\t\t\t\t\t\t\t\t\t<input size=\"1\" type=\"text\" name=\"form_fields[field_bc40e33]\" id=\"form-field-field_bc40e33\" class=\"elementor-field elementor-size-sm  elementor-field-textual\" placeholder=\"Whatsapp\" required=\"required\">\n\t\t\t\t\t\t\t\t\t\t\t<\/div>\n\t\t\t\t\t\t\t\t<div class=\"elementor-field-group elementor-column elementor-field-type-submit elementor-col-100 e-form__buttons\">\n\t\t\t\t\t<button class=\"elementor-button elementor-size-sm\" type=\"submit\">\n\t\t\t\t\t\t<span class=\"elementor-button-content-wrapper\">\n\t\t\t\t\t\t\t\t\t\t\t\t\t\t\t\t\t\t\t\t\t\t<span class=\"elementor-button-text\">ENVIAR<\/span>\n\t\t\t\t\t\t\t\t\t\t\t\t\t<\/span>\n\t\t\t\t\t<\/button>\n\t\t\t\t<\/div>\n\t\t\t<\/div>\n\t\t<\/form>\n\t\t\t\t\t\t<\/div>\n\t\t\t\t<\/div>\n\t\t\t\t\t<\/div>\n\t\t\t\t<\/div>\n\t\t<div class=\"elementor-element elementor-element-3b9a72b e-con-full e-flex e-con e-parent\" data-id=\"3b9a72b\" data-element_type=\"container\" data-settings=\"{&quot;background_background&quot;:&quot;slideshow&quot;,&quot;background_slideshow_gallery&quot;:[],&quot;background_slideshow_slide_duration&quot;:5000,&quot;background_slideshow_slide_transition&quot;:&quot;fade&quot;,&quot;background_slideshow_transition_duration&quot;:500}\">\n\t\t\t\t<div class=\"elementor-element elementor-element-3fb3d11 elementor-widget elementor-widget-text-editor\" data-id=\"3fb3d11\" data-element_type=\"widget\" data-widget_type=\"text-editor.default\">\n\t\t\t\t\t\t\t\t\t<p style=\"text-align: center;\"><span class=\"OYPEnA font-feature-liga-off font-feature-clig-off font-feature-calt-off text-decoration-none text-strikethrough-none\">Comece <\/span><span class=\"OYPEnA font-feature-liga-off font-feature-clig-off font-feature-calt-off text-decoration-none text-strikethrough-none\"><b>sem investir<\/b><\/span><span class=\"OYPEnA font-feature-liga-off font-feature-clig-off font-feature-calt-off text-decoration-none text-strikethrough-none\"> e <\/span><span class=\"OYPEnA font-feature-liga-off font-feature-clig-off font-feature-calt-off text-decoration-none text-strikethrough-none\"><b>lucre<\/b> <\/span><span class=\"OYPEnA font-feature-liga-off font-feature-clig-off font-feature-calt-off text-decoration-none text-strikethrough-none\">at\u00e9<\/span><span class=\"OYPEnA font-feature-liga-off font-feature-clig-off font-feature-calt-off text-decoration-none text-strikethrough-none\"> <b>50%<\/b><\/span><b> <\/b><span class=\"OYPEnA font-feature-liga-off font-feature-clig-off font-feature-calt-off text-decoration-none text-strikethrough-none\"><b>em cada venda<\/b>.<\/span><\/p>\t\t\t\t\t\t\t\t<\/div>\n\t\t\t\t<div class=\"elementor-element elementor-element-a341fe7 elementor-widget elementor-widget-image\" data-id=\"a341fe7\" data-element_type=\"widget\" data-widget_type=\"image.default\">\n\t\t\t\t\t\t\t\t\t\t\t\t\t\t\t<img loading=\"lazy\" decoding=\"async\" width=\"1024\" height=\"356\" src=\"https:\/\/revenda.essenceoficial.com.br\/wp-content\/uploads\/2025\/07\/sofisticacao-curadoria-liberdade-financeira-essence-1024x356.png\" class=\"attachment-large size-large wp-image-81\" alt=\"\" srcset=\"https:\/\/revenda.essenceoficial.com.br\/wp-content\/uploads\/2025\/07\/sofisticacao-curadoria-liberdade-financeira-essence-1024x356.png 1024w, https:\/\/revenda.essenceoficial.com.br\/wp-content\/uploads\/2025\/07\/sofisticacao-curadoria-liberdade-financeira-essence-300x104.png 300w, https:\/\/revenda.essenceoficial.com.br\/wp-content\/uploads\/2025\/07\/sofisticacao-curadoria-liberdade-financeira-essence-768x267.png 768w, https:\/\/revenda.essenceoficial.com.br\/wp-content\/uploads\/2025\/07\/sofisticacao-curadoria-liberdade-financeira-essence.png 1085w\" sizes=\"(max-width: 1024px) 100vw, 1024px\" \/>\t\t\t\t\t\t\t\t\t\t\t\t\t\t\t<\/div>\n\t\t\t\t<\/div>\n\t\t<div class=\"elementor-element elementor-element-eba04b7 e-flex e-con-boxed e-con e-parent\" data-id=\"eba04b7\" data-element_type=\"container\" data-settings=\"{&quot;background_background&quot;:&quot;classic&quot;}\">\n\t\t\t\t\t<div class=\"e-con-inner\">\n\t\t\t\t<div class=\"elementor-element elementor-element-943c36e elementor-widget elementor-widget-image\" data-id=\"943c36e\" data-element_type=\"widget\" data-widget_type=\"image.default\">\n\t\t\t\t\t\t\t\t\t\t\t\t\t\t\t<img loading=\"lazy\" decoding=\"async\" width=\"1024\" height=\"180\" src=\"https:\/\/revenda.essenceoficial.com.br\/wp-content\/uploads\/2025\/07\/rodape-e1752624682757-1024x180.jpg\" class=\"attachment-large size-large wp-image-110\" alt=\"\" srcset=\"https:\/\/revenda.essenceoficial.com.br\/wp-content\/uploads\/2025\/07\/rodape-e1752624682757-1024x180.jpg 1024w, https:\/\/revenda.essenceoficial.com.br\/wp-content\/uploads\/2025\/07\/rodape-e1752624682757-300x53.jpg 300w, https:\/\/revenda.essenceoficial.com.br\/wp-content\/uploads\/2025\/07\/rodape-e1752624682757-768x135.jpg 768w, https:\/\/revenda.essenceoficial.com.br\/wp-content\/uploads\/2025\/07\/rodape-e1752624682757.jpg 1366w\" sizes=\"(max-width: 1024px) 100vw, 1024px\" \/>\t\t\t\t\t\t\t\t\t\t\t\t\t\t\t<\/div>\n\t\t\t\t\t<\/div>\n\t\t\t\t<\/div>\n\t\t<div class=\"elementor-element elementor-element-8dae37e e-flex e-con-boxed e-con e-parent\" data-id=\"8dae37e\" data-element_type=\"container\" data-settings=\"{&quot;background_background&quot;:&quot;classic&quot;}\">\n\t\t\t\t\t<div class=\"e-con-inner\">\n\t\t\t\t<div class=\"elementor-element elementor-element-1b34a05 elementor-widget elementor-widget-text-editor\" data-id=\"1b34a05\" data-element_type=\"widget\" data-widget_type=\"text-editor.default\">\n\t\t\t\t\t\t\t\t\t<p style=\"text-align: center;\">Todos os direitos reservados Ess\u00eance Acess\u00f3rios by <a href=\"https:\/\/www.cantoweb.com.br\/\" target=\"_blank\" rel=\"noopener\">.cantoweb<\/a><\/p>\t\t\t\t\t\t\t\t<\/div>\n\t\t\t\t\t<\/div>\n\t\t\t\t<\/div>\n\t\t\t\t<\/div>\n\t\t","protected":false},"excerpt":{"rendered":"<p>Mais que semijoias, criamos conex\u00f5es entre beleza, autoestima e independ\u00eancia. \u2728 Comece sem investir e lucre at\u00e9 50% em cada venda. Todos os direitos reservados Ess\u00eance Acess\u00f3rios by .cantoweb<\/p>\n","protected":false},"author":1,"featured_media":0,"parent":0,"menu_order":0,"comment_status":"closed","ping_status":"closed","template":"elementor_canvas","meta":{"footnotes":""},"class_list":["post-14","page","type-page","status-publish","hentry"],"_links":{"self":[{"href":"https:\/\/revenda.essenceoficial.com.br\/index.php\/wp-json\/wp\/v2\/pages\/14","targetHints":{"allow":["GET"]}}],"collection":[{"href":"https:\/\/revenda.essenceoficial.com.br\/index.php\/wp-json\/wp\/v2\/pages"}],"about":[{"href":"https:\/\/revenda.essenceoficial.com.br\/index.php\/wp-json\/wp\/v2\/types\/page"}],"author":[{"embeddable":true,"href":"https:\/\/revenda.essenceoficial.com.br\/index.php\/wp-json\/wp\/v2\/users\/1"}],"replies":[{"embeddable":true,"href":"https:\/\/revenda.essenceoficial.com.br\/index.php\/wp-json\/wp\/v2\/comments?post=14"}],"version-history":[{"count":124,"href":"https:\/\/revenda.essenceoficial.com.br\/index.php\/wp-json\/wp\/v2\/pages\/14\/revisions"}],"predecessor-version":[{"id":157,"href":"https:\/\/revenda.essenceoficial.com.br\/index.php\/wp-json\/wp\/v2\/pages\/14\/revisions\/157"}],"wp:attachment":[{"href":"https:\/\/revenda.essenceoficial.com.br\/index.php\/wp-json\/wp\/v2\/media?parent=14"}],"curies":[{"name":"wp","href":"https:\/\/api.w.org\/{rel}","templated":true}]}}